{"id":51,"date":"2020-10-07T17:08:12","date_gmt":"2020-10-07T17:08:12","guid":{"rendered":"http:\/\/urbanamixta.edu.co\/?page_id=51"},"modified":"2020-10-07T17:08:12","modified_gmt":"2020-10-07T17:08:12","slug":"sede-santa-rita","status":"publish","type":"page","link":"https:\/\/urbanamixta.edu.co\/?page_id=51","title":{"rendered":"Sede Santa Rita"},"content":{"rendered":"<p><img loading=\"lazy\" decoding=\"async\" class=\"size-medium wp-image-38 alignleft\" src=\"https:\/\/urbanamixta.edu.co\/wp-content\/uploads\/2020\/10\/IMG-20201006-WA0033-300x225.jpg\" alt=\"\" width=\"300\" height=\"225\" srcset=\"https:\/\/urbanamixta.edu.co\/wp-content\/uploads\/2020\/10\/IMG-20201006-WA0033-300x225.jpg 300w, https:\/\/urbanamixta.edu.co\/wp-content\/uploads\/2020\/10\/IMG-20201006-WA0033-1024x768.jpg 1024w, https:\/\/urbanamixta.edu.co\/wp-content\/uploads\/2020\/10\/IMG-20201006-WA0033-768x576.jpg 768w, https:\/\/urbanamixta.edu.co\/wp-content\/uploads\/2020\/10\/IMG-20201006-WA0033.jpg 1032w\" sizes=\"auto, (max-width: 300px) 100vw, 300px\" \/>La escuela Santa Rita de Cassia est\u00e1 ubicada en el municipio de Manaure entre calle 8 y 9 con carrera 2 con un \u00e1rea de 3.749.120 M. Colinda al norte con una extensi\u00f3n\u00a0 de 46.40 M. predios del se\u00f1or \u00c1ngel Polo, al sur con una extensi\u00f3n de 46.40 M. predios de la se\u00f1ora Graciela G\u00f3mez, al este calle en medio con una extensi\u00f3n de 8.80 M. predios del se\u00f1or Carlos Palacio, al oeste con una extensi\u00f3n de 80.80 M. predios del se\u00f1or V\u00edctor Vega.<\/p>\n<p>La zona aleda\u00f1a\u00a0 la escuela esta habitada casi en su totalidad por personal wayuu; comerciantes de los mercados p\u00fablicos y transportadores.\u00a0 Es por esto que en la escuela llegan alumnos de las dos culturas es evidente que en un contexto de este tipo la ense\u00f1anza plantea m\u00faltiples problemas.\u00a0 Se trata de algo complejo m\u00e1s cuando los ni\u00f1os de la cultura wayuu llegan a la escuela por primera vez (los ni\u00f1os de Preescolar) y la \u00fanica lengua que conocen es la lengua materna.<\/p>\n<p>La escuela Santa Rita es propiedad del municipio de Manaure, seg\u00fan la necesidad que se presenta en la localidad por falta de escuelas.\u00a0 Se abre por primera vez y comienza a funcionar en el colegio Sagrado Coraz\u00f3n de Jes\u00fas, en la jornada de tarde,\u00a0 posteriormente se traslada a la escuela Urbana Mixta No 1 donde tambi\u00e9n funciona en la jornada de la tarde y se amparaba con la licencia de funcionamiento de la escuela anteriormente citada.<\/p>\n<p>En el a\u00f1o 1.983 bajo la administraci\u00f3n del se\u00f1or <strong>JUAN JAIME LUCAS GENECO<\/strong> se construye la planta f\u00edsica la cual constaba de 5 salones, una rector\u00eda y un patio de recreo.<\/p>\n<p>En el a\u00f1o 1984 se traslada a su propia sede, pero debido al incremento de alumnos y solicitudes de ese a\u00f1o se abren 11 cursos con 330 ni\u00f1os en 2 jornadas para poder brindar la educaci\u00f3n requerida.<\/p>\n<p>Por gesti\u00f3n oportuna de la directora se consigui\u00f3 el nombramiento de 6 maestr4os m\u00e1s, se compraron pupitres y se dot\u00f3 a la escuela del material de apoyo abriendo nuevamente la escuela con 11 cursos, 11 maestros y 330 ni\u00f1os en dos jornadas ma\u00f1ana y tarde.<\/p>\n<p>En el a\u00f1o 1.983 se ve la necesidad de construir 4 salones y nombrar 4 maestros m\u00e1s para poder darle cabida a la cantidad de ni\u00f1os que solicitaban el servicio.<\/p>\n<p>La escuela fue creada mediante decreto No 023\u00a0 (Bis) del 6 de Abril de 1.984 y aprobado seg\u00fan resoluci\u00f3n No 16238 del 7 de Octubre de 1.985.<\/p>\n<p>Acatando el Decreto No 265 del 2 de Noviembre del 2.002 la escuela funciona con la escuela Urbana Mixta No 1 quedando as\u00ed constituida la Instituci\u00f3n Educativa Urbana Mixta No 1 Sede Santa Rita, siendo la rectora la Se\u00f1ora <strong>LEBIS MERCADO M\u00c1RQUEZ<\/strong> y la se\u00f1ora <strong>IRIS JULIO DE VALENCIA<\/strong> Coordinadora. La escuela sigue su ritmo normal hasta la fecha.<\/p>\n","protected":false},"excerpt":{"rendered":"<p>La escuela Santa Rita de Cassia est\u00e1 ubicada en el municipio de Manaure entre calle 8 y 9 con carrera &hellip; <\/p>\n","protected":false},"author":1,"featured_media":0,"parent":0,"menu_order":0,"comment_status":"closed","ping_status":"closed","template":"","meta":{"footnotes":""},"class_list":["post-51","page","type-page","status-publish","hentry"],"_links":{"self":[{"href":"https:\/\/urbanamixta.edu.co\/index.php?rest_route=\/wp\/v2\/pages\/51","targetHints":{"allow":["GET"]}}],"collection":[{"href":"https:\/\/urbanamixta.edu.co\/index.php?rest_route=\/wp\/v2\/pages"}],"about":[{"href":"https:\/\/urbanamixta.edu.co\/index.php?rest_route=\/wp\/v2\/types\/page"}],"author":[{"embeddable":true,"href":"https:\/\/urbanamixta.edu.co\/index.php?rest_route=\/wp\/v2\/users\/1"}],"replies":[{"embeddable":true,"href":"https:\/\/urbanamixta.edu.co\/index.php?rest_route=%2Fwp%2Fv2%2Fcomments&post=51"}],"version-history":[{"count":1,"href":"https:\/\/urbanamixta.edu.co\/index.php?rest_route=\/wp\/v2\/pages\/51\/revisions"}],"predecessor-version":[{"id":52,"href":"https:\/\/urbanamixta.edu.co\/index.php?rest_route=\/wp\/v2\/pages\/51\/revisions\/52"}],"wp:attachment":[{"href":"https:\/\/urbanamixta.edu.co\/index.php?rest_route=%2Fwp%2Fv2%2Fmedia&parent=51"}],"curies":[{"name":"wp","href":"https:\/\/api.w.org\/{rel}","templated":true}]}}