{"id":31,"date":"2020-10-07T16:50:20","date_gmt":"2020-10-07T16:50:20","guid":{"rendered":"http:\/\/urbanamixta.edu.co\/?page_id=31"},"modified":"2020-10-07T16:50:20","modified_gmt":"2020-10-07T16:50:20","slug":"objetivos-instiucionales","status":"publish","type":"page","link":"https:\/\/urbanamixta.edu.co\/?page_id=31","title":{"rendered":"Objetivos instiucionales"},"content":{"rendered":"<p><strong>OBJETIVOS INSTITUCIONALES:<\/strong><\/p>\n<ul>\n<li><strong>\u00a0<\/strong>Garantizar la inclusi\u00f3n, permanencia, promoci\u00f3n y egreso de todos los estudiantes a trav\u00e9s de propuestas de ense\u00f1anzas y de calidad, con especial atenci\u00f3n aquellos en situaci\u00f3n de vulnerabilidad socio-educativa.<\/li>\n<li>Desarrollar en los estudiantes las competencias b\u00e1sicas y laborales que permitan su inserci\u00f3n en el mundo del trabajo y la educaci\u00f3n superior.<\/li>\n<li>Propender a la formaci\u00f3n de ciudadanos responsables, cr\u00edticos, anal\u00edticos e investigativos y transformadores por medio del conocimiento.<\/li>\n<li>Promover valores c\u00edvicos que originen en los estudiantes su compromiso con la patria y el respeto por las etnias.<\/li>\n<li>Desarrollar en los estudiantes que le permitan continuar de manera eficiente el nivel de educaci\u00f3n superior o vincularse al campo laboral.<\/li>\n<li>Formar a los estudiantes en el ejercicio de sus derechos y deberes.<\/li>\n<li>Utilizar al m\u00e1ximo los recursos f\u00edsicos, humanos, financieros disponibles al servicio educativo.<\/li>\n<li>Adecuar el colegio a las exigencias y necesidades de la comunidad.<\/li>\n<li>Hacer flexible el curr\u00edculo y adaptarlo al momento hist\u00f3rico contempor\u00e1neo.<\/li>\n<li>Mantener relaciones con otras instituciones educativas que favorezcan el desarrollo personal y colectivo que garanticen un ambiente de solidaridad, cooperaci\u00f3n, respeto mutuo, ya que su fundamento no est\u00e1 en el saber sino en el hacer.<\/li>\n<li>Mejorar la calidad de la educaci\u00f3n desde un contexto micro \u2013 escuela \u2013 escuela \u2013 sal\u00f3n de clases, es decir, evaluando los logros de los alumnos en cuanto a curr\u00edculo y todo aquello que tengan incidencias en el proceso ense\u00f1anza \u2013 aprendizaje.<\/li>\n<li>Mejorar la calidad del servicio educativo desde una visi\u00f3n escuela \u2013 comunidad, teniendo en cuenta sus necesidades y exigencias y desde una visi\u00f3n escuela \u2013 sociedad mirando si la capacidad del servicio que ofrece la escuela responde a las necesidades y exigencias de la comunidad educativa.<\/li>\n<li>Revisar de una manera critica y permanente las estrategias pedag\u00f3gicas que cotidianamente empleamos en el proceso de ense\u00f1anza \u2013 aprendizaje y establecer que aportes son valederos para mejorar la labor educativa.<\/li>\n<li>Generar en la comunidad educativa un cambio de actitud, una b\u00fasqueda, una respuesta al mejoramiento de la calidad de educaci\u00f3n y por ende un mejor nivel de vida desarrollando en ella el sentido de democracia, de pertenencia, de autonom\u00eda, de respeto a trav\u00e9s de la participaci\u00f3n en el Gobierno Escolar.<\/li>\n<li>La Instituci\u00f3n abrir\u00e1 espacios para grados Cero, 10\u00b0 y 11\u00b0.<\/li>\n<li>Respetar los canales de comunicaci\u00f3n con el fin de evitar conflictos y fugas de responsabilidades, debilitamiento de autoridad al superior inmediato y p\u00e9rdida de tiempo.<\/li>\n<li>Coordinar esfuerzos de todos los docentes para alcanzar los objetivos mediante la motivaci\u00f3n, la comunicaci\u00f3n y la supervisi\u00f3n.<\/li>\n<li>Promover en los representantes de la comunidad local, una conciencia de responsabilidad y participaci\u00f3n eficiente en el proceso de ense\u00f1anza \u2013 aprendizaje.<\/li>\n<li>Lograr estructuras m\u00e1s funcionales respeto a los cambios de la sociedad contempor\u00e1nea.<\/li>\n<\/ul>\n","protected":false},"excerpt":{"rendered":"<p>OBJETIVOS INSTITUCIONALES: \u00a0Garantizar la inclusi\u00f3n, permanencia, promoci\u00f3n y egreso de todos los estudiantes a trav\u00e9s de propuestas de ense\u00f1anzas y &hellip; <\/p>\n","protected":false},"author":1,"featured_media":0,"parent":0,"menu_order":0,"comment_status":"closed","ping_status":"closed","template":"","meta":{"footnotes":""},"class_list":["post-31","page","type-page","status-publish","hentry"],"_links":{"self":[{"href":"https:\/\/urbanamixta.edu.co\/index.php?rest_route=\/wp\/v2\/pages\/31","targetHints":{"allow":["GET"]}}],"collection":[{"href":"https:\/\/urbanamixta.edu.co\/index.php?rest_route=\/wp\/v2\/pages"}],"about":[{"href":"https:\/\/urbanamixta.edu.co\/index.php?rest_route=\/wp\/v2\/types\/page"}],"author":[{"embeddable":true,"href":"https:\/\/urbanamixta.edu.co\/index.php?rest_route=\/wp\/v2\/users\/1"}],"replies":[{"embeddable":true,"href":"https:\/\/urbanamixta.edu.co\/index.php?rest_route=%2Fwp%2Fv2%2Fcomments&post=31"}],"version-history":[{"count":1,"href":"https:\/\/urbanamixta.edu.co\/index.php?rest_route=\/wp\/v2\/pages\/31\/revisions"}],"predecessor-version":[{"id":32,"href":"https:\/\/urbanamixta.edu.co\/index.php?rest_route=\/wp\/v2\/pages\/31\/revisions\/32"}],"wp:attachment":[{"href":"https:\/\/urbanamixta.edu.co\/index.php?rest_route=%2Fwp%2Fv2%2Fmedia&parent=31"}],"curies":[{"name":"wp","href":"https:\/\/api.w.org\/{rel}","templated":true}]}}