{"id":2,"date":"2020-10-06T11:12:29","date_gmt":"2020-10-06T11:12:29","guid":{"rendered":"http:\/\/urbanamixta.edu.co\/?page_id=2"},"modified":"2020-10-07T22:57:42","modified_gmt":"2020-10-07T22:57:42","slug":"sample-page","status":"publish","type":"page","link":"https:\/\/urbanamixta.edu.co\/","title":{"rendered":"Home"},"content":{"rendered":"<script type=\"text\/javascript\">\r\ndocument.addEventListener(\"DOMContentLoaded\", function(event) { \r\n\tjQuery( '#slider-pro-3-46' ).sliderPro({\r\n\t\t\/\/width\r\n\t\t\t\twidth: 1000,\r\n\t\t\t\t\r\n\t\t\/\/height\r\n\t\t\t\theight: 500,\r\n\t\t\t\t\r\n\t\t\/\/autoplay\r\n\t\t\t\tautoplay:  true,\r\n\t\tautoplayOnHover: 'none',\r\n\t\t\t\t\t\t\t\tautoplayDelay: 5000,\r\n\t\t\r\n\t\t\r\n\t\tarrows: true,\r\n\t\tbuttons: true,\r\n\t\tsmallSize: 500,\r\n\t\tmediumSize: 1000,\r\n\t\tlargeSize: 3000,\r\n\t\tfade: true,\r\n\t\t\r\n\t\t\/\/thumbnail\r\n\t\tthumbnailArrows: true,\r\n\t\tthumbnailWidth: 120,\r\n\t\tthumbnailHeight: 120,\r\n\t\t\t\t\t\tthumbnailsPosition: 'bottom',\r\n\t\t\t\t\t\tcenterImage: true,\r\n\t\timageScaleMode: 'cover',\r\n\t\tallowScaleUp: true,\r\n\t\t\t\tstartSlide: 0,\r\n\t\tloop: true,\r\n\t\tslideDistance: 5,\r\n\t\tautoplayDirection: 'normal',\r\n\t\ttouchSwipe: true,\r\n\t\tfullScreen: true,\r\n\t});\r\n});\r\n<\/script>\r\n<style>\r\n\/* Layout 3 *\/\r\n\/* border *\/\r\n#slider-pro-3-46 .sp-selected-thumbnail {\r\n\tborder: 4px solid #000000;\r\n}\r\n\r\n\/* font + color *\/\r\n.title-in  {\r\n\tfont-family: Arial !important;\r\n\tcolor: #FFFFFF !important;\r\n\tbackground-color: #000000 !important;\r\n\topacity: 0.7 !important;\r\n}\r\n.desc-in  {\r\n\tfont-family: Arial !important;\r\n\tcolor: #FFFFFF !important;\r\n\tbackground-color: #00000 !important;\r\n\topacity: 0.7 !important;\r\n}\r\n\r\n\/* bullets color *\/\r\n.sp-button  {\r\n\tborder: 2px solid #000000 !important;\r\n}\r\n.sp-selected-button  {\r\n\tbackground-color: #000000 !important;\r\n}\r\n\r\n\/* pointer color - bottom *\/\r\n.sp-selected-thumbnail::before {\r\n\tborder-bottom: 5px solid #000000 !important;\r\n}\r\n.sp-selected-thumbnail::after {\r\n\tborder-bottom: 13px solid #000000 !important;\r\n}\r\n\r\n\/* pointer color - top *\/\r\n\r\n\/* full screen icon *\/\r\n.sp-full-screen-button::before {\r\n    color: #FFFFFF !important;\r\n}\r\n\r\n\/* hover navigation icon color *\/\r\n.sp-next-arrow::after, .sp-next-arrow::before {\r\n\tbackground-color: #FFFFFF !important;\r\n}\r\n.sp-previous-arrow::after, .sp-previous-arrow::before {\r\n\tbackground-color: #FFFFFF !important;\r\n}\r\n\r\n#slider-pro-3-46 .title-in {\r\n\tcolor: #FFFFFF !important;\r\n\tfont-weight: bolder;\r\n\ttext-align: center;\r\n}\r\n\r\n#slider-pro-3-46 .title-in-bg {\r\n\tbackground: rgba(255, 255, 255, 0.7); !important;\r\n\twhite-space: unset !important;\r\n\tmax-width: 90%;\r\n\tmin-width: 40%;\r\n\ttransform: initial !important;\r\n\t-webkit-transform: initial !important;\r\n\tfont-size: 14px !important;\r\n}\r\n\r\n#slider-pro-3-46 .desc-in {\r\n\tcolor: #FFFFFF !important;\r\n\ttext-align: center;\r\n}\r\n#slider-pro-3-46 .desc-in-bg {\r\n\tbackground: rgba(#00000, 0.7) !important;\r\n\twhite-space: unset !important;\r\n\twidth: 80% !important;\r\n\tmin-width: 30%;\r\n\ttransform: initial !important;\r\n\t-webkit-transform: initial !important;\r\n\tfont-size: 13px !important;\r\n}\r\n\r\n@media (max-width: 640px) {\r\n\t#slider-pro-3-46 .hide-small-screen {\r\n\t\tdisplay: none;\r\n\t}\r\n}\r\n\r\n@media (max-width: 860px) {\r\n\t#slider-pro-3-46 .sp-layer {\r\n\t\tfont-size: 18px;\r\n\t}\r\n\t\r\n\t#slider-pro-3-46 .hide-medium-screen {\r\n\t\tdisplay: none;\r\n\t}\r\n}\r\n.slides-not-found {\r\n\tbackground-color: #a92929;\r\n\tborder-radius: 5px;\r\n\tcolor: #fff;\r\n\tfont-family: initial;\r\n\ttext-align: center;\r\n\tpadding:12px;\r\n}\r\n\/* Custom CSS *\/\r\n<\/style>\r\n\t\t<div id=\"slider-pro-3-46\" class=\"slider-pro\">\r\n\t\t\t<!---- slides div start ---->\r\n\t\t\t<div class=\"sp-slides\">\r\n\t\t\t\t\t\t\t\t\t\t<div class=\"sp-slide\">\r\n\t\t\t\t\t\t\t<img decoding=\"async\" class=\"sp-image\" alt=\"WhatsApp Image 2021-06-03 at 10.37.04 PM\" src=\"https:\/\/urbanamixta.edu.co\/wp-content\/plugins\/ultimate-responsive-image-slider\/assets\/css\/images\/blank.gif\" data-src=\"https:\/\/urbanamixta.edu.co\/wp-content\/uploads\/2021\/06\/WhatsApp-Image-2021-06-03-at-10.37.04-PM.jpeg\" \/>\r\n\r\n\t\t\t\t\t\t\t\r\n\t\t\t\t\t\t\t\t\t\t\t\t\t<\/div>\r\n\t\t\t\t\t\t\t\t\t\t\t\t<div class=\"sp-slide\">\r\n\t\t\t\t\t\t\t<img decoding=\"async\" class=\"sp-image\" alt=\"IMG-20201006-WA0034\" src=\"https:\/\/urbanamixta.edu.co\/wp-content\/plugins\/ultimate-responsive-image-slider\/assets\/css\/images\/blank.gif\" data-src=\"https:\/\/urbanamixta.edu.co\/wp-content\/uploads\/2020\/10\/IMG-20201006-WA0034.jpg\" \/>\r\n\r\n\t\t\t\t\t\t\t\r\n\t\t\t\t\t\t\t\t\t\t\t\t\t<\/div>\r\n\t\t\t\t\t\t\t\t\t\t\t\t<div class=\"sp-slide\">\r\n\t\t\t\t\t\t\t<img decoding=\"async\" class=\"sp-image\" alt=\"IMG-20201006-WA0024\" src=\"https:\/\/urbanamixta.edu.co\/wp-content\/plugins\/ultimate-responsive-image-slider\/assets\/css\/images\/blank.gif\" data-src=\"https:\/\/urbanamixta.edu.co\/wp-content\/uploads\/2020\/10\/IMG-20201006-WA0024.jpg\" \/>\r\n\r\n\t\t\t\t\t\t\t\r\n\t\t\t\t\t\t\t\t\t\t\t\t\t<\/div>\r\n\t\t\t\t\t\t\t\t\t\t\t\t<div class=\"sp-slide\">\r\n\t\t\t\t\t\t\t<img decoding=\"async\" class=\"sp-image\" alt=\"IMG-20201006-WA0035\" src=\"https:\/\/urbanamixta.edu.co\/wp-content\/plugins\/ultimate-responsive-image-slider\/assets\/css\/images\/blank.gif\" data-src=\"https:\/\/urbanamixta.edu.co\/wp-content\/uploads\/2020\/10\/IMG-20201006-WA0035.jpg\" \/>\r\n\r\n\t\t\t\t\t\t\t\r\n\t\t\t\t\t\t\t\t\t\t\t\t\t<\/div>\r\n\t\t\t\t\t\t\t\t\t<\/div>\r\n\t\t\t\r\n\t\t\t<!---- slides div end ---->\r\n\t\t\t\t\t\t<!-- slides thumbnails div start -->\r\n\t\t\t<div class=\"sp-thumbnails\">\r\n\t\t\t\t\t\t\t\t\t\t<img decoding=\"async\" class=\"sp-thumbnail\" src=\"https:\/\/urbanamixta.edu.co\/wp-content\/plugins\/ultimate-responsive-image-slider\/assets\/img\/loading.gif\" data-src=\"https:\/\/urbanamixta.edu.co\/wp-content\/uploads\/2021\/06\/WhatsApp-Image-2021-06-03-at-10.37.04-PM-300x167.jpeg\" alt=\"WhatsApp Image 2021-06-03 at 10.37.04 PM\"\/>\r\n\t\t\t\t\t\t\t\t\t\t\t<img decoding=\"async\" class=\"sp-thumbnail\" src=\"https:\/\/urbanamixta.edu.co\/wp-content\/plugins\/ultimate-responsive-image-slider\/assets\/img\/loading.gif\" data-src=\"https:\/\/urbanamixta.edu.co\/wp-content\/uploads\/2020\/10\/IMG-20201006-WA0034-300x225.jpg\" alt=\"IMG-20201006-WA0034\"\/>\r\n\t\t\t\t\t\t\t\t\t\t\t<img decoding=\"async\" class=\"sp-thumbnail\" src=\"https:\/\/urbanamixta.edu.co\/wp-content\/plugins\/ultimate-responsive-image-slider\/assets\/img\/loading.gif\" data-src=\"https:\/\/urbanamixta.edu.co\/wp-content\/uploads\/2020\/10\/IMG-20201006-WA0024-225x300.jpg\" alt=\"IMG-20201006-WA0024\"\/>\r\n\t\t\t\t\t\t\t\t\t\t\t<img decoding=\"async\" class=\"sp-thumbnail\" src=\"https:\/\/urbanamixta.edu.co\/wp-content\/plugins\/ultimate-responsive-image-slider\/assets\/img\/loading.gif\" data-src=\"https:\/\/urbanamixta.edu.co\/wp-content\/uploads\/2020\/10\/IMG-20201006-WA0035-300x247.jpg\" alt=\"IMG-20201006-WA0035\"\/>\r\n\t\t\t\t\t\t\t\t<\/div>\r\n\t\t\t\t\t\t<!-- slides thumbnails div end -->\r\n\t\t<\/div>\r\n\n<p><style>.wp-show-posts-columns#wpsp-98 {margin-left: -2em; }.wp-show-posts-columns#wpsp-98 .wp-show-posts-inner {margin: 0 0 2em 2em; }<\/style><section id=\"wpsp-98\" class=\" wp-show-posts-columns wp-show-posts\" style=\"\"><article class=\" wp-show-posts-single post-116 post type-post status-publish format-standard has-post-thumbnail hentry category-uncategorized wpsp-col-6\" itemtype=\"http:\/\/schema.org\/CreativeWork\" itemscope><div class=\"wp-show-posts-inner\" style=\"\">\t\t\t\t\t\t<header class=\"wp-show-posts-entry-header\">\n\t\t\t\t\t\t\t<h2 class=\"wp-show-posts-entry-title\" itemprop=\"headline\"><a href=\"https:\/\/urbanamixta.edu.co\/?p=116\" rel=\"bookmark\">Cuadro de honor mejores resultados ICFES<\/a><\/h2><div class=\"wp-show-posts-entry-meta wp-show-posts-entry-meta-below-title post-meta-inline\"><span class=\"wp-show-posts-posted-on wp-show-posts-meta\">\n\t\t\t\t\t<a href=\"https:\/\/urbanamixta.edu.co\/?p=116\" title=\"8:01 pm\" rel=\"bookmark\"><time class=\"wp-show-posts-entry-date published\" datetime=\"2021-11-24T20:01:14+00:00\" itemprop=\"datePublished\">November 24, 2021<\/time><\/a>\n\t\t\t\t<\/span><\/div>\t\t\t\t\t\t<\/header><!-- .entry-header -->\n\t\t\t\t\t\t\t<div class=\"wp-show-posts-image  wpsp-image-center \">\n\t\t\t<a href=\"https:\/\/urbanamixta.edu.co\/?p=116\"  title=\"Cuadro de honor mejores resultados ICFES\"><img loading=\"lazy\" decoding=\"async\" width=\"851\" height=\"480\" src=\"https:\/\/urbanamixta.edu.co\/wp-content\/uploads\/2021\/11\/portada-cuadro-de-honor-851x480-1.jpg\" class=\"attachment-full size-full wp-post-image\" alt=\"\" itemprop=\"image\" srcset=\"https:\/\/urbanamixta.edu.co\/wp-content\/uploads\/2021\/11\/portada-cuadro-de-honor-851x480-1.jpg 851w, https:\/\/urbanamixta.edu.co\/wp-content\/uploads\/2021\/11\/portada-cuadro-de-honor-851x480-1-300x169.jpg 300w, https:\/\/urbanamixta.edu.co\/wp-content\/uploads\/2021\/11\/portada-cuadro-de-honor-851x480-1-768x433.jpg 768w\" sizes=\"auto, (max-width: 851px) 100vw, 851px\" \/><\/a>\t\t<\/div>\n\t\t\t\t\t\t\t\t<div class=\"wp-show-posts-entry-summary\" itemprop=\"text\">\n\t\t\t\t\t\t\t\t\t\t\t\t\t<\/div><!-- .entry-summary -->\n\t\t\t\t\t<\/div><!-- wp-show-posts-inner --><\/article><article class=\" wp-show-posts-single post-112 post type-post status-publish format-standard has-post-thumbnail hentry category-uncategorized wpsp-col-6\" itemtype=\"http:\/\/schema.org\/CreativeWork\" itemscope><div class=\"wp-show-posts-inner\" style=\"\">\t\t\t\t\t\t<header class=\"wp-show-posts-entry-header\">\n\t\t\t\t\t\t\t<h2 class=\"wp-show-posts-entry-title\" itemprop=\"headline\"><a href=\"https:\/\/urbanamixta.edu.co\/?p=112\" rel=\"bookmark\">Reconocimiento mejor resultado ICFES &#8211; Manaure 2021<\/a><\/h2><div class=\"wp-show-posts-entry-meta wp-show-posts-entry-meta-below-title post-meta-inline\"><span class=\"wp-show-posts-posted-on wp-show-posts-meta\">\n\t\t\t\t\t<a href=\"https:\/\/urbanamixta.edu.co\/?p=112\" title=\"7:59 pm\" rel=\"bookmark\"><time class=\"wp-show-posts-entry-date published\" datetime=\"2021-11-24T19:59:26+00:00\" itemprop=\"datePublished\">November 24, 2021<\/time><time class=\"wp-show-posts-updated\" datetime=\"2021-11-24T21:10:47+00:00\" itemprop=\"dateModified\">November 24, 2021<\/time><\/a>\n\t\t\t\t<\/span><\/div>\t\t\t\t\t\t<\/header><!-- .entry-header -->\n\t\t\t\t\t\t\t<div class=\"wp-show-posts-image  wpsp-image-center \">\n\t\t\t<a href=\"https:\/\/urbanamixta.edu.co\/?p=112\"  title=\"Reconocimiento mejor resultado ICFES &#8211; Manaure 2021\"><img loading=\"lazy\" decoding=\"async\" width=\"600\" height=\"800\" src=\"https:\/\/urbanamixta.edu.co\/wp-content\/uploads\/2021\/11\/academic-prizes-kramer-xubingruo.jpg\" class=\"attachment-full size-full wp-post-image\" alt=\"\" itemprop=\"image\" srcset=\"https:\/\/urbanamixta.edu.co\/wp-content\/uploads\/2021\/11\/academic-prizes-kramer-xubingruo.jpg 600w, https:\/\/urbanamixta.edu.co\/wp-content\/uploads\/2021\/11\/academic-prizes-kramer-xubingruo-225x300.jpg 225w\" sizes=\"auto, (max-width: 600px) 100vw, 600px\" \/><\/a>\t\t<\/div>\n\t\t\t\t\t\t\t\t<div class=\"wp-show-posts-entry-summary\" itemprop=\"text\">\n\t\t\t\t\t\t\t\t\t\t\t\t\t<\/div><!-- .entry-summary -->\n\t\t\t\t\t<\/div><!-- wp-show-posts-inner --><\/article><article class=\" wp-show-posts-single post-104 post type-post status-publish format-standard has-post-thumbnail hentry category-news wpsp-col-6\" itemtype=\"http:\/\/schema.org\/CreativeWork\" itemscope><div class=\"wp-show-posts-inner\" style=\"\">\t\t\t\t\t\t<header class=\"wp-show-posts-entry-header\">\n\t\t\t\t\t\t\t<h2 class=\"wp-show-posts-entry-title\" itemprop=\"headline\"><a href=\"https:\/\/urbanamixta.edu.co\/?p=104\" rel=\"bookmark\">Becas IESCIM &#8211; Alumna egresada de la Urbana<\/a><\/h2><div class=\"wp-show-posts-entry-meta wp-show-posts-entry-meta-below-title post-meta-inline\"><span class=\"wp-show-posts-posted-on wp-show-posts-meta\">\n\t\t\t\t\t<a href=\"https:\/\/urbanamixta.edu.co\/?p=104\" title=\"10:51 am\" rel=\"bookmark\"><time class=\"wp-show-posts-entry-date published\" datetime=\"2021-06-08T10:51:38+00:00\" itemprop=\"datePublished\">June 8, 2021<\/time><time class=\"wp-show-posts-updated\" datetime=\"2021-06-08T10:53:04+00:00\" itemprop=\"dateModified\">June 8, 2021<\/time><\/a>\n\t\t\t\t<\/span><\/div>\t\t\t\t\t\t<\/header><!-- .entry-header -->\n\t\t\t\t\t\t\t<div class=\"wp-show-posts-image  wpsp-image-center \">\n\t\t\t<a href=\"https:\/\/urbanamixta.edu.co\/?p=104\"  title=\"Becas IESCIM &#8211; Alumna egresada de la Urbana\"><img loading=\"lazy\" decoding=\"async\" width=\"1280\" height=\"720\" src=\"https:\/\/urbanamixta.edu.co\/wp-content\/uploads\/2021\/06\/WhatsApp-Image-2021-06-03-at-9.15.44-PM.jpeg\" class=\"attachment-full size-full wp-post-image\" alt=\"\" itemprop=\"image\" srcset=\"https:\/\/urbanamixta.edu.co\/wp-content\/uploads\/2021\/06\/WhatsApp-Image-2021-06-03-at-9.15.44-PM.jpeg 1280w, https:\/\/urbanamixta.edu.co\/wp-content\/uploads\/2021\/06\/WhatsApp-Image-2021-06-03-at-9.15.44-PM-300x169.jpeg 300w, https:\/\/urbanamixta.edu.co\/wp-content\/uploads\/2021\/06\/WhatsApp-Image-2021-06-03-at-9.15.44-PM-1024x576.jpeg 1024w, https:\/\/urbanamixta.edu.co\/wp-content\/uploads\/2021\/06\/WhatsApp-Image-2021-06-03-at-9.15.44-PM-768x432.jpeg 768w\" sizes=\"auto, (max-width: 1280px) 100vw, 1280px\" \/><\/a>\t\t<\/div>\n\t\t\t\t\t\t\t\t<div class=\"wp-show-posts-entry-summary\" itemprop=\"text\">\n\t\t\t\t\t\t\t<p>Nos complace informar que nuestra alumna egresada Aractza Robles se ha hecho merecedora de una Becas otorgada en LIC. COMERCIO INTERNACIONAL Y ADUANAS en la universidad de IESCIM instituto de&#8230;<\/p>\n\t\t\t\t\t\t<\/div><!-- .entry-summary -->\n\t\t\t\t\t<\/div><!-- wp-show-posts-inner --><\/article><article class=\" wp-show-posts-single post-93 post type-post status-publish format-standard has-post-thumbnail hentry category-news wpsp-col-6\" itemtype=\"http:\/\/schema.org\/CreativeWork\" itemscope><div class=\"wp-show-posts-inner\" style=\"\">\t\t\t\t\t\t<header class=\"wp-show-posts-entry-header\">\n\t\t\t\t\t\t\t<h2 class=\"wp-show-posts-entry-title\" itemprop=\"headline\"><a href=\"https:\/\/urbanamixta.edu.co\/?p=93\" rel=\"bookmark\">La Instituci\u00f3n Educativa Frente a la Emergencia &#8211; Covid-19<\/a><\/h2><div class=\"wp-show-posts-entry-meta wp-show-posts-entry-meta-below-title post-meta-inline\"><span class=\"wp-show-posts-posted-on wp-show-posts-meta\">\n\t\t\t\t\t<a href=\"https:\/\/urbanamixta.edu.co\/?p=93\" title=\"10:41 pm\" rel=\"bookmark\"><time class=\"wp-show-posts-entry-date published\" datetime=\"2020-10-07T22:41:27+00:00\" itemprop=\"datePublished\">October 7, 2020<\/time><time class=\"wp-show-posts-updated\" datetime=\"2020-10-07T22:50:25+00:00\" itemprop=\"dateModified\">October 7, 2020<\/time><\/a>\n\t\t\t\t<\/span><\/div>\t\t\t\t\t\t<\/header><!-- .entry-header -->\n\t\t\t\t\t\t\t<div class=\"wp-show-posts-image  wpsp-image-center \">\n\t\t\t<a href=\"https:\/\/urbanamixta.edu.co\/?p=93\"  title=\"La Instituci\u00f3n Educativa Frente a la Emergencia &#8211; Covid-19\"><img loading=\"lazy\" decoding=\"async\" width=\"626\" height=\"626\" src=\"https:\/\/urbanamixta.edu.co\/wp-content\/uploads\/2020\/10\/concepto-pandemia-covid-19_23-2148488451.jpg\" class=\"attachment-full size-full wp-post-image\" alt=\"\" itemprop=\"image\" srcset=\"https:\/\/urbanamixta.edu.co\/wp-content\/uploads\/2020\/10\/concepto-pandemia-covid-19_23-2148488451.jpg 626w, https:\/\/urbanamixta.edu.co\/wp-content\/uploads\/2020\/10\/concepto-pandemia-covid-19_23-2148488451-300x300.jpg 300w, https:\/\/urbanamixta.edu.co\/wp-content\/uploads\/2020\/10\/concepto-pandemia-covid-19_23-2148488451-150x150.jpg 150w, https:\/\/urbanamixta.edu.co\/wp-content\/uploads\/2020\/10\/concepto-pandemia-covid-19_23-2148488451-70x70.jpg 70w, https:\/\/urbanamixta.edu.co\/wp-content\/uploads\/2020\/10\/concepto-pandemia-covid-19_23-2148488451-246x246.jpg 246w, https:\/\/urbanamixta.edu.co\/wp-content\/uploads\/2020\/10\/concepto-pandemia-covid-19_23-2148488451-276x276.jpg 276w, https:\/\/urbanamixta.edu.co\/wp-content\/uploads\/2020\/10\/concepto-pandemia-covid-19_23-2148488451-125x125.jpg 125w\" sizes=\"auto, (max-width: 626px) 100vw, 626px\" \/><\/a>\t\t<\/div>\n\t\t\t\t\t\t\t\t<div class=\"wp-show-posts-entry-summary\" itemprop=\"text\">\n\t\t\t\t\t\t\t<p>La pandemia del\u00a0 COVID 19 sin duda alguna ha sido uno de los sucesos mas dif\u00edciles que ha enfrentado la humanidad en las \u00faltimas d\u00e9cadas. La situaci\u00f3n actual, de manera&#8230;<\/p>\n\t\t\t\t\t\t<\/div><!-- .entry-summary -->\n\t\t\t\t\t<\/div><!-- wp-show-posts-inner --><\/article><article class=\" wp-show-posts-single post-1 post type-post status-publish format-standard has-post-thumbnail hentry category-uncategorized wpsp-col-6\" itemtype=\"http:\/\/schema.org\/CreativeWork\" itemscope><div class=\"wp-show-posts-inner\" style=\"\">\t\t\t\t\t\t<header class=\"wp-show-posts-entry-header\">\n\t\t\t\t\t\t\t<h2 class=\"wp-show-posts-entry-title\" itemprop=\"headline\"><a href=\"https:\/\/urbanamixta.edu.co\/?p=1\" rel=\"bookmark\">Bienvenido al al sitio<\/a><\/h2><div class=\"wp-show-posts-entry-meta wp-show-posts-entry-meta-below-title post-meta-inline\"><span class=\"wp-show-posts-posted-on wp-show-posts-meta\">\n\t\t\t\t\t<a href=\"https:\/\/urbanamixta.edu.co\/?p=1\" title=\"11:12 am\" rel=\"bookmark\"><time class=\"wp-show-posts-entry-date published\" datetime=\"2020-10-05T11:12:29+00:00\" itemprop=\"datePublished\">October 5, 2020<\/time><time class=\"wp-show-posts-updated\" datetime=\"2020-10-07T23:02:19+00:00\" itemprop=\"dateModified\">October 7, 2020<\/time><\/a>\n\t\t\t\t<\/span><\/div>\t\t\t\t\t\t<\/header><!-- .entry-header -->\n\t\t\t\t\t\t\t<div class=\"wp-show-posts-image  wpsp-image-center \">\n\t\t\t<a href=\"https:\/\/urbanamixta.edu.co\/?p=1\"  title=\"Bienvenido al al sitio\"><img loading=\"lazy\" decoding=\"async\" width=\"1920\" height=\"916\" src=\"https:\/\/urbanamixta.edu.co\/wp-content\/uploads\/2020\/10\/bienvenue-3.jpg\" class=\"attachment-full size-full wp-post-image\" alt=\"\" itemprop=\"image\" srcset=\"https:\/\/urbanamixta.edu.co\/wp-content\/uploads\/2020\/10\/bienvenue-3.jpg 1920w, https:\/\/urbanamixta.edu.co\/wp-content\/uploads\/2020\/10\/bienvenue-3-300x143.jpg 300w, https:\/\/urbanamixta.edu.co\/wp-content\/uploads\/2020\/10\/bienvenue-3-1024x489.jpg 1024w, https:\/\/urbanamixta.edu.co\/wp-content\/uploads\/2020\/10\/bienvenue-3-768x366.jpg 768w, https:\/\/urbanamixta.edu.co\/wp-content\/uploads\/2020\/10\/bienvenue-3-1536x733.jpg 1536w\" sizes=\"auto, (max-width: 1920px) 100vw, 1920px\" \/><\/a>\t\t<\/div>\n\t\t\t\t\t\t\t\t<div class=\"wp-show-posts-entry-summary\" itemprop=\"text\">\n\t\t\t\t\t\t\t<p>Apreciado Visitante, la Instituci\u00f3n Educativa Urbana Mixta No.1 le da la cordial bienvenida a nuestro sitio Web. Esperamos que la informaci\u00f3n suministrada le sea de utilidad. Nuestra instituci\u00f3n est\u00e1 comprometida&#8230;<\/p>\n\t\t\t\t\t\t<\/div><!-- .entry-summary -->\n\t\t\t\t\t<\/div><!-- wp-show-posts-inner --><\/article><div class=\"wpsp-clear\"><\/div><\/section><!-- .wp-show-posts --><\/code><\/pre>\n","protected":false},"excerpt":{"rendered":"","protected":false},"author":1,"featured_media":0,"parent":0,"menu_order":0,"comment_status":"closed","ping_status":"open","template":"","meta":{"footnotes":""},"class_list":["post-2","page","type-page","status-publish","hentry"],"_links":{"self":[{"href":"https:\/\/urbanamixta.edu.co\/index.php?rest_route=\/wp\/v2\/pages\/2","targetHints":{"allow":["GET"]}}],"collection":[{"href":"https:\/\/urbanamixta.edu.co\/index.php?rest_route=\/wp\/v2\/pages"}],"about":[{"href":"https:\/\/urbanamixta.edu.co\/index.php?rest_route=\/wp\/v2\/types\/page"}],"author":[{"embeddable":true,"href":"https:\/\/urbanamixta.edu.co\/index.php?rest_route=\/wp\/v2\/users\/1"}],"replies":[{"embeddable":true,"href":"https:\/\/urbanamixta.edu.co\/index.php?rest_route=%2Fwp%2Fv2%2Fcomments&post=2"}],"version-history":[{"count":8,"href":"https:\/\/urbanamixta.edu.co\/index.php?rest_route=\/wp\/v2\/pages\/2\/revisions"}],"predecessor-version":[{"id":99,"href":"https:\/\/urbanamixta.edu.co\/index.php?rest_route=\/wp\/v2\/pages\/2\/revisions\/99"}],"wp:attachment":[{"href":"https:\/\/urbanamixta.edu.co\/index.php?rest_route=%2Fwp%2Fv2%2Fmedia&parent=2"}],"curies":[{"name":"wp","href":"https:\/\/api.w.org\/{rel}","templated":true}]}}